{"id":32,"date":"2024-12-05T16:37:01","date_gmt":"2024-12-05T16:37:01","guid":{"rendered":"https:\/\/employers.eoworks.ca\/?page_id=32"},"modified":"2025-02-13T01:24:49","modified_gmt":"2025-02-13T01:24:49","slug":"politique-de-confidentialite","status":"publish","type":"page","link":"https:\/\/employers.eoworks.ca\/fr\/privacy-policy\/","title":{"rendered":"Privacy Policy"},"content":{"rendered":"<div data-elementor-type=\"wp-page\" data-elementor-id=\"32\" class=\"elementor elementor-32\" data-elementor-post-type=\"page\">\n\t\t\t\t<div class=\"elementor-element elementor-element-1d51d893 py-5 e-flex e-con-boxed e-con e-parent\" data-id=\"1d51d893\" data-element_type=\"container\" data-e-type=\"container\">\n\t\t\t\t\t<div class=\"e-con-inner\">\n\t\t\t\t<div class=\"elementor-element elementor-element-88bf58a mb-3 elementor-widget elementor-widget-heading\" data-id=\"88bf58a\" data-element_type=\"widget\" data-e-type=\"widget\" data-widget_type=\"heading.default\">\n\t\t\t\t<div class=\"elementor-widget-container\">\n\t\t\t\t\t<h1 class=\"elementor-heading-title elementor-size-default\">Politique de confidentialit\u00e9<\/h1>\t\t\t\t<\/div>\n\t\t\t\t<\/div>\n\t\t\t\t<div class=\"elementor-element elementor-element-caa36f6 elementor-widget elementor-widget-text-editor\" data-id=\"caa36f6\" data-element_type=\"widget\" data-e-type=\"widget\" data-widget_type=\"text-editor.default\">\n\t\t\t\t<div class=\"elementor-widget-container\">\n\t\t\t\t\t\t\t\t\t<p>Emploi Ontario s'engage \u00e0 respecter votre vie priv\u00e9e et \u00e0 prot\u00e9ger vos renseignements personnels.<\/p><p>Visitez la page <a class=\"link-red-wine\" href=\"https:\/\/www.ontario.ca\/fr\/page\/declaration-concernant-la-protection-de-la-vie-privee\" target=\"_blank\" rel=\"noopener\">D\u00e9claration de confidentialit\u00e9 de l\u2019Ontario<\/a> pour plus de d\u00e9tails.<\/p>\t\t\t\t\t\t\t\t<\/div>\n\t\t\t\t<\/div>\n\t\t\t\t\t<\/div>\n\t\t\t\t<\/div>\n\t\t\t\t<\/div>","protected":false},"excerpt":{"rendered":"<p>Privacy policy Employment Ontario is committed to respecting your privacy and protecting your personal information. Visit the Ontario Privacy statement page for more details.<\/p>","protected":false},"author":3,"featured_media":0,"parent":0,"menu_order":0,"comment_status":"closed","ping_status":"closed","template":"","meta":{"footnotes":""},"class_list":["post-32","page","type-page","status-publish","hentry"],"featured_image_src":null,"featured_image_src_square":null,"_links":{"self":[{"href":"https:\/\/employers.eoworks.ca\/fr\/wp-json\/wp\/v2\/pages\/32","targetHints":{"allow":["GET"]}}],"collection":[{"href":"https:\/\/employers.eoworks.ca\/fr\/wp-json\/wp\/v2\/pages"}],"about":[{"href":"https:\/\/employers.eoworks.ca\/fr\/wp-json\/wp\/v2\/types\/page"}],"author":[{"embeddable":true,"href":"https:\/\/employers.eoworks.ca\/fr\/wp-json\/wp\/v2\/users\/3"}],"replies":[{"embeddable":true,"href":"https:\/\/employers.eoworks.ca\/fr\/wp-json\/wp\/v2\/comments?post=32"}],"version-history":[{"count":0,"href":"https:\/\/employers.eoworks.ca\/fr\/wp-json\/wp\/v2\/pages\/32\/revisions"}],"wp:attachment":[{"href":"https:\/\/employers.eoworks.ca\/fr\/wp-json\/wp\/v2\/media?parent=32"}],"curies":[{"name":"wp","href":"https:\/\/api.w.org\/{rel}","templated":true}]}}